{"id":292,"date":"2025-02-05T04:14:35","date_gmt":"2025-02-05T04:14:35","guid":{"rendered":"https:\/\/mecanicasistematizada.com\/services-_\/"},"modified":"2025-03-17T12:19:41","modified_gmt":"2025-03-17T12:19:41","slug":"services-_","status":"publish","type":"page","link":"http:\/\/mecanicasistematizada.com\/en\/services-_\/","title":{"rendered":"Services &#8212; _"},"content":{"rendered":"<div class=\"wp-block-uagb-container uagb-block-d0ecce4b alignfull uagb-is-root-container\">\n<div class=\"wp-block-uagb-slider uagb-block-769955c3 uagb-slider-container\"><div class=\"uagb-slides uagb-swiper\"><div class=\"swiper-wrapper\">\n<div class=\"wp-block-uagb-slider-child uagb-slider-child-wrap swiper-slide uagb-block-5281a17f\"><div class=\"swiper-content\">\n<div class=\"wp-block-uagb-container uagb-block-f1a6cd2d\">\n<div class=\"wp-block-uagb-info-box uagb-block-da1ff98c uagb-infobox__content-wrap  uagb-infobox-icon-above-title uagb-infobox-image-valign-top\"><div class=\"uagb-ifb-content\"><div class=\"uagb-ifb-image-content\"><img decoding=\"async\" src=\"http:\/\/mecanicasistematizada.com\/wp-content\/uploads\/2025\/02\/qh3-2.jpg\" alt=\"\" width=\"\" height=\"0\" loading=\"lazy\"\/><\/div><div class=\"uagb-ifb-title-wrap\"><\/div><\/div><\/div>\n<\/div>\n<\/div><\/div>\n\n\n\n<div class=\"wp-block-uagb-slider-child uagb-slider-child-wrap swiper-slide uagb-block-1fb1cca1\"><div class=\"swiper-content\">\n<div class=\"wp-block-uagb-container uagb-block-f512bed6\">\n<div class=\"wp-block-uagb-info-box uagb-block-fc8816dd uagb-infobox__content-wrap  uagb-infobox-icon-above-title uagb-infobox-image-valign-top\"><div class=\"uagb-ifb-content\"><div class=\"uagb-ifb-image-content\"><img decoding=\"async\" src=\"http:\/\/mecanicasistematizada.com\/wp-content\/uploads\/2025\/03\/qh2.jpg\" alt=\"\" width=\"\" height=\"0\" loading=\"lazy\"\/><\/div><div class=\"uagb-ifb-title-wrap\"><\/div><\/div><\/div>\n<\/div>\n<\/div><\/div>\n\n\n\n<div class=\"wp-block-uagb-slider-child uagb-slider-child-wrap swiper-slide uagb-block-d9e3ca1a\"><div class=\"swiper-content\">\n<div class=\"wp-block-uagb-container uagb-block-1f23730e\">\n<div class=\"wp-block-uagb-info-box uagb-block-93be84b3 uagb-infobox__content-wrap  uagb-infobox-icon-above-title uagb-infobox-image-valign-top\"><div class=\"uagb-ifb-content\"><div class=\"uagb-ifb-image-content\"><img decoding=\"async\" src=\"http:\/\/mecanicasistematizada.com\/wp-content\/uploads\/2025\/02\/qh1-1.jpg\" alt=\"\" width=\"\" height=\"0\" loading=\"lazy\"\/><\/div><div class=\"uagb-ifb-title-wrap\"><\/div><\/div><\/div>\n<\/div>\n<\/div><\/div>\n\n\n\n<div class=\"wp-block-uagb-slider-child uagb-slider-child-wrap swiper-slide uagb-block-2ec42822\"><div class=\"swiper-content\">\n<div class=\"wp-block-uagb-container uagb-block-ab4179fa\">\n<div class=\"wp-block-uagb-info-box uagb-block-cd425bd0 uagb-infobox__content-wrap  uagb-infobox-icon-above-title uagb-infobox-image-valign-top\"><div class=\"uagb-ifb-content\"><div class=\"uagb-ifb-image-content\"><img decoding=\"async\" src=\"http:\/\/mecanicasistematizada.com\/wp-content\/uploads\/2025\/02\/qh4-1.jpg\" alt=\"\" width=\"\" height=\"0\" loading=\"lazy\"\/><\/div><div class=\"uagb-ifb-title-wrap\"><\/div><\/div><\/div>\n<\/div>\n<\/div><\/div>\n<\/div><\/div><div class=\"swiper-pagination\"><\/div><div class=\"swiper-button-prev\"><\/div><div class=\"swiper-button-next\"><\/div><\/div>\n<\/div>\n\n\n\n<div class=\"wp-block-uagb-info-box uagb-block-898d57cb uagb-infobox__content-wrap  uagb-infobox-icon-above-title uagb-infobox-image-valign-top\"><div class=\"uagb-ifb-content\"><div class=\"uagb-ifb-title-wrap\"><h3 class=\"uagb-ifb-title\">HOW DO WE DO IT?<\/h3><\/div><p class=\"uagb-ifb-desc\">WITH HUMAN TALENT AND MACHINES TO GUARANTEE THE QUALITY!<\/p><\/div><\/div>\n\n\n\n<div class=\"wp-block-uagb-container uagb-block-fc1a1914 alignfull uagb-is-root-container\"><div class=\"uagb-container-inner-blocks-wrap\">\n<div class=\"wp-block-uagb-advanced-heading uagb-block-fc542039\"><h2 class=\"uagb-heading-text\">In&nbsp;<strong>MECHANICAL SYSTEMATIZED SAS&nbsp;<\/strong>we take care of&nbsp;<strong>to take care of, optimize and renew<\/strong>&nbsp;our equipment and machines, to meet the firm purpose of delivering the&nbsp;<strong>BEST QUALITY at the AGREED TIME.<\/strong><\/h2><\/div>\n\n\n<div class=\"wp-block-uagb-faq uagb-faq__outer-wrap uagb-block-566d3363 uagb-faq-icon-row-reverse uagb-faq-layout-accordion uagb-faq-expand-first-false uagb-faq-inactive-other-true uagb-faq__wrap uagb-buttons-layout-wrap uagb-faq-equal-height\" data-faqtoggle=\"true\" role=\"tablist\"><div class=\"wp-block-uagb-faq-child uagb-faq-child__outer-wrap uagb-faq-item uagb-block-e17657bf\" role=\"tab\" tabindex=\"0\"><div class=\"uagb-faq-questions-button uagb-faq-questions\">\t\t\t<span class=\"uagb-icon uagb-faq-icon-wrap\">\n\t\t\t\t\t\t\t\t<svg xmlns=\"https:\/\/www.w3.org\/2000\/svg\" viewbox= \"0 0 448 512\"><path d=\"M224 416c-8.188 0-16.38-3.125-22.62-9.375l-192-192c-12.5-12.5-12.5-32.75 0-45.25s32.75-12.5 45.25 0L224 338.8l169.4-169.4c12.5-12.5 32.75-12.5 45.25 0s12.5 32.75 0 45.25l-192 192C240.4 412.9 232.2 416 224 416z\"><\/path><\/svg>\n\t\t\t\t\t\t\t<\/span>\n\t\t\t\t\t\t<span class=\"uagb-icon-active uagb-faq-icon-wrap\">\n\t\t\t\t\t\t\t\t<svg xmlns=\"https:\/\/www.w3.org\/2000\/svg\" viewbox= \"0 0 448 512\"><path d=\"M416 352c-8.188 0-16.38-3.125-22.62-9.375L224 173.3l-169.4 169.4c-12.5 12.5-32.75 12.5-45.25 0s-12.5-32.75 0-45.25l192-192c12.5-12.5 32.75-12.5 45.25 0l192 192c12.5 12.5 12.5 32.75 0 45.25C432.4 348.9 424.2 352 416 352z\"><\/path><\/svg>\n\t\t\t\t\t\t\t<\/span>\n\t\t\t<span class=\"uagb-question\">CNC machining<\/span><\/div><div class=\"uagb-faq-content\"><p><strong>CNC Machining centers<br>(X\/y\/Z) = 1020 x 510 x 510 mm<br><br>Machines Cut x Thread<br>(X\/y\/Z) = 400 x 300 x 400 mm<br><br>CNC lathes<br>(\u00d8 \/ Long.): 750 x 1000 mm<br><br>Fourth axis (New! )\u00a0<br>(\u00d8 \/ Long.): 250 x 800 mm<\/strong><\/p><\/div><\/div><div class=\"wp-block-uagb-faq-child uagb-faq-child__outer-wrap uagb-faq-item uagb-block-8e5027b9\" role=\"tab\" tabindex=\"0\"><div class=\"uagb-faq-questions-button uagb-faq-questions\">\t\t\t<span class=\"uagb-icon uagb-faq-icon-wrap\">\n\t\t\t\t\t\t\t\t<svg xmlns=\"https:\/\/www.w3.org\/2000\/svg\" viewbox= \"0 0 448 512\"><path d=\"M224 416c-8.188 0-16.38-3.125-22.62-9.375l-192-192c-12.5-12.5-12.5-32.75 0-45.25s32.75-12.5 45.25 0L224 338.8l169.4-169.4c12.5-12.5 32.75-12.5 45.25 0s12.5 32.75 0 45.25l-192 192C240.4 412.9 232.2 416 224 416z\"><\/path><\/svg>\n\t\t\t\t\t\t\t<\/span>\n\t\t\t\t\t\t<span class=\"uagb-icon-active uagb-faq-icon-wrap\">\n\t\t\t\t\t\t\t\t<svg xmlns=\"https:\/\/www.w3.org\/2000\/svg\" viewbox= \"0 0 448 512\"><path d=\"M416 352c-8.188 0-16.38-3.125-22.62-9.375L224 173.3l-169.4 169.4c-12.5 12.5-32.75 12.5-45.25 0s-12.5-32.75 0-45.25l192-192c12.5-12.5 32.75-12.5 45.25 0l192 192c12.5 12.5 12.5 32.75 0 45.25C432.4 348.9 424.2 352 416 352z\"><\/path><\/svg>\n\t\t\t\t\t\t\t<\/span>\n\t\t\t<span class=\"uagb-question\">Conventional<\/span><\/div><div class=\"uagb-faq-content\"><p><strong>Surface Grinding Machine<\/strong><br>(X\/y\/Z) = 1000 x 300 x 250 mm<br><br><strong>Microperforadora<\/strong><br>(X\/y\/Z) = 400 x 190 x 350 mm<br>\u00d8 (min \u2013 max) = 0,3 \u2013 3 mm<br><br><strong>Milling machines<\/strong><br>(X\/y\/Z) = 1000 x 500 x 500 mm<br><br><strong>Lathes<\/strong><br>(\u00d8 \/ Long.): 850 x 2000 mm<\/p><\/div><\/div><div class=\"wp-block-uagb-faq-child uagb-faq-child__outer-wrap uagb-faq-item uagb-block-2330e17a\" role=\"tab\" tabindex=\"0\"><div class=\"uagb-faq-questions-button uagb-faq-questions\">\t\t\t<span class=\"uagb-icon uagb-faq-icon-wrap\">\n\t\t\t\t\t\t\t\t<svg xmlns=\"https:\/\/www.w3.org\/2000\/svg\" viewbox= \"0 0 448 512\"><path d=\"M224 416c-8.188 0-16.38-3.125-22.62-9.375l-192-192c-12.5-12.5-12.5-32.75 0-45.25s32.75-12.5 45.25 0L224 338.8l169.4-169.4c12.5-12.5 32.75-12.5 45.25 0s12.5 32.75 0 45.25l-192 192C240.4 412.9 232.2 416 224 416z\"><\/path><\/svg>\n\t\t\t\t\t\t\t<\/span>\n\t\t\t\t\t\t<span class=\"uagb-icon-active uagb-faq-icon-wrap\">\n\t\t\t\t\t\t\t\t<svg xmlns=\"https:\/\/www.w3.org\/2000\/svg\" viewbox= \"0 0 448 512\"><path d=\"M416 352c-8.188 0-16.38-3.125-22.62-9.375L224 173.3l-169.4 169.4c-12.5 12.5-32.75 12.5-45.25 0s-12.5-32.75 0-45.25l192-192c12.5-12.5 32.75-12.5 45.25 0l192 192c12.5 12.5 12.5 32.75 0 45.25C432.4 348.9 424.2 352 416 352z\"><\/path><\/svg>\n\t\t\t\t\t\t\t<\/span>\n\t\t\t<span class=\"uagb-question\">Measuring and control equipment<\/span><\/div><div class=\"uagb-faq-content\"><p>\u00bb\u00a0<strong>Center of Coordinate Measuring CMM<\/strong><br>\u00bb\u00a0<strong>Profile projector<\/strong><br>\u00bb\u00a0<strong>Durometer<\/strong><br>&#034;Micrometers<br>&#034;Calipers or vernier caliper<br>&#034;Depth<br>&#034;Meters Holes<br>&#034;Goniometers<br>&#034;Gauges, Brackets<\/p><\/div><\/div><div class=\"wp-block-uagb-faq-child uagb-faq-child__outer-wrap uagb-faq-item uagb-block-f8fc89b3\" role=\"tab\" tabindex=\"0\"><div class=\"uagb-faq-questions-button uagb-faq-questions\">\t\t\t<span class=\"uagb-icon uagb-faq-icon-wrap\">\n\t\t\t\t\t\t\t\t<svg xmlns=\"https:\/\/www.w3.org\/2000\/svg\" viewbox= \"0 0 448 512\"><path d=\"M224 416c-8.188 0-16.38-3.125-22.62-9.375l-192-192c-12.5-12.5-12.5-32.75 0-45.25s32.75-12.5 45.25 0L224 338.8l169.4-169.4c12.5-12.5 32.75-12.5 45.25 0s12.5 32.75 0 45.25l-192 192C240.4 412.9 232.2 416 224 416z\"><\/path><\/svg>\n\t\t\t\t\t\t\t<\/span>\n\t\t\t\t\t\t<span class=\"uagb-icon-active uagb-faq-icon-wrap\">\n\t\t\t\t\t\t\t\t<svg xmlns=\"https:\/\/www.w3.org\/2000\/svg\" viewbox= \"0 0 448 512\"><path d=\"M416 352c-8.188 0-16.38-3.125-22.62-9.375L224 173.3l-169.4 169.4c-12.5 12.5-32.75 12.5-45.25 0s-12.5-32.75 0-45.25l192-192c12.5-12.5 32.75-12.5 45.25 0l192 192c12.5 12.5 12.5 32.75 0 45.25C432.4 348.9 424.2 352 416 352z\"><\/path><\/svg>\n\t\t\t\t\t\t\t<\/span>\n\t\t\t<span class=\"uagb-question\">Engineering and design (R &amp; D)<\/span><\/div><div class=\"uagb-faq-content\"><p>\u00bb\u00a0<strong>Engineers<\/strong>\u00a0Consultants<br>\u00bb\u00a0<strong>Engineers\u00a0<\/strong>Modeling and Design<br>&#034;Modelling Software\u00a0<strong>3D<\/strong>\u00a0<strong>\u2013 CAD<\/strong><\/p><\/div><\/div><div class=\"wp-block-uagb-faq-child uagb-faq-child__outer-wrap uagb-faq-item uagb-block-725d6483\" role=\"tab\" tabindex=\"0\"><div class=\"uagb-faq-questions-button uagb-faq-questions\">\t\t\t<span class=\"uagb-icon uagb-faq-icon-wrap\">\n\t\t\t\t\t\t\t\t<svg xmlns=\"https:\/\/www.w3.org\/2000\/svg\" viewbox= \"0 0 448 512\"><path d=\"M224 416c-8.188 0-16.38-3.125-22.62-9.375l-192-192c-12.5-12.5-12.5-32.75 0-45.25s32.75-12.5 45.25 0L224 338.8l169.4-169.4c12.5-12.5 32.75-12.5 45.25 0s12.5 32.75 0 45.25l-192 192C240.4 412.9 232.2 416 224 416z\"><\/path><\/svg>\n\t\t\t\t\t\t\t<\/span>\n\t\t\t\t\t\t<span class=\"uagb-icon-active uagb-faq-icon-wrap\">\n\t\t\t\t\t\t\t\t<svg xmlns=\"https:\/\/www.w3.org\/2000\/svg\" viewbox= \"0 0 448 512\"><path d=\"M416 352c-8.188 0-16.38-3.125-22.62-9.375L224 173.3l-169.4 169.4c-12.5 12.5-32.75 12.5-45.25 0s-12.5-32.75 0-45.25l192-192c12.5-12.5 32.75-12.5 45.25 0l192 192c12.5 12.5 12.5 32.75 0 45.25C432.4 348.9 424.2 352 416 352z\"><\/path><\/svg>\n\t\t\t\t\t\t\t<\/span>\n\t\t\t<span class=\"uagb-question\">Integrated system management<\/span><\/div><div class=\"uagb-faq-content\"><p>&#034;Safety and Health at Work (SG-SST)<br>&#034;Quality<br>&#034;Environmental<\/p><\/div><\/div><\/div><\/div><\/div>\n\n\n\n<div class=\"wp-block-uagb-container uagb-block-e7ec6663 alignfull uagb-is-root-container\"><div class=\"uagb-container-inner-blocks-wrap\">\n<div class=\"wp-block-uagb-container uagb-block-2b4b3343\">\n<div class=\"wp-block-uagb-slider uagb-block-f7788a70 uagb-slider-container\"><div class=\"uagb-slides uagb-swiper\"><div class=\"swiper-wrapper\">\n<div class=\"wp-block-uagb-slider-child uagb-slider-child-wrap swiper-slide uagb-block-7326ca10\"><div class=\"swiper-content\">\n<div class=\"wp-block-uagb-container uagb-block-45d93f38\">\n<div class=\"wp-block-uagb-info-box uagb-block-4cec7e25 uagb-infobox__content-wrap  uagb-infobox-icon-above-title uagb-infobox-image-valign-top\"><div class=\"uagb-ifb-content\"><div class=\"uagb-ifb-image-content\"><img decoding=\"async\" src=\"http:\/\/mecanicasistematizada.com\/wp-content\/uploads\/2025\/02\/medicion-1.jpg\" alt=\"\" width=\"\" height=\"0\" loading=\"lazy\"\/><\/div><div class=\"uagb-ifb-title-wrap\"><h3 class=\"uagb-ifb-title\">Measurement and control<\/h3><\/div><p class=\"uagb-ifb-desc\">We stock Equipment and Instruments&nbsp;<strong>High measurement Resolution and Accuracy,&nbsp;<\/strong>which are&nbsp;<strong>regularly checked, calibrated and registered<\/strong>to meet the demanding specifications of our clients.<br>We are unique in the sector, with the availability of a&nbsp;<strong>Center of Coordinate Measuring CMM<\/strong>, which allows us to&nbsp;<strong>measurements<\/strong>&nbsp;with an accuracy of&nbsp;<strong>\u00b10,003 mm (3 \u00b5m)<\/strong><\/p><\/div><\/div>\n<\/div>\n<\/div><\/div>\n\n\n\n<div class=\"wp-block-uagb-slider-child uagb-slider-child-wrap swiper-slide uagb-block-2df7a408\"><div class=\"swiper-content\">\n<div class=\"wp-block-uagb-container uagb-block-aab7701a\">\n<div class=\"wp-block-uagb-info-box uagb-block-83cbb8ea uagb-infobox__content-wrap  uagb-infobox-icon-above-title uagb-infobox-image-valign-top\"><div class=\"uagb-ifb-content\"><div class=\"uagb-ifb-image-content\"><img decoding=\"async\" src=\"http:\/\/mecanicasistematizada.com\/wp-content\/uploads\/2025\/03\/diseno2.jpg\" alt=\"\" width=\"\" height=\"0\" loading=\"lazy\"\/><\/div><div class=\"uagb-ifb-title-wrap\"><h3 class=\"uagb-ifb-title\">Engineering and design<\/h3><\/div><p class=\"uagb-ifb-desc\">Our team&nbsp;<strong>Engineers<\/strong>&nbsp;it is ready to receive your projects and&nbsp;<strong>Model in 3D.<\/strong><br>Prior to start of construction and with the purpose to validate the final terms of&nbsp;<strong>geometry, finishing, assembly, and other engineering requirements<\/strong>; in MECHANICAL SYSTEMATIZED SAS, each project is&nbsp;<strong>verified and simulated in our CAD software<\/strong>.<br><strong>We have the capacity to generate prototypes for 3D printing (New! )<\/strong>for further manufacturing measures and tolerances end.<\/p><\/div><\/div>\n<\/div>\n<\/div><\/div>\n\n\n\n<div class=\"wp-block-uagb-slider-child uagb-slider-child-wrap swiper-slide uagb-block-95d50558\"><div class=\"swiper-content\">\n<div class=\"wp-block-uagb-container uagb-block-0b929abf\">\n<div class=\"wp-block-uagb-info-box uagb-block-42b80111 uagb-infobox__content-wrap  uagb-infobox-icon-above-title uagb-infobox-image-valign-top\"><div class=\"uagb-ifb-content\"><div class=\"uagb-ifb-image-content\"><img decoding=\"async\" src=\"http:\/\/mecanicasistematizada.com\/wp-content\/uploads\/2025\/03\/sig2.jpg\" alt=\"\" width=\"\" height=\"0\" loading=\"lazy\"\/><\/div><div class=\"uagb-ifb-title-wrap\"><h3 class=\"uagb-ifb-title\">Integrated management system<\/h3><\/div><p class=\"uagb-ifb-desc\">We strive for excellence and we work under the philosophy of&nbsp;<strong>CONTINUOUS IMPROVEMENT<\/strong>.<br>All our activities&nbsp;<strong>MECHANICAL SYSTEMATIZED SAS<\/strong>, is framed within clear policies and procedures, which support us to produce with&nbsp;<strong>Higher QUALITY<\/strong>, to&nbsp;<strong>Take care of the HEALTH and SAFETY&nbsp;<\/strong>of our human talent and to be&nbsp;<strong>Friendly with the ENVIRONMENT.<\/strong><\/p><\/div><\/div>\n<\/div>\n<\/div><\/div>\n<\/div><\/div><div class=\"swiper-pagination\"><\/div><div class=\"swiper-button-prev\"><\/div><div class=\"swiper-button-next\"><\/div><\/div>\n<\/div>\n<\/div><\/div>\n\n\n\n<p><\/p>","protected":false},"excerpt":{"rendered":"<p>En&nbsp;MEC\u00c1NICA SISTEMATIZADA SAS&nbsp;nos ocupamos de&nbsp;cuidar, optimizar y renovar&nbsp;nuestros equipos y m\u00e1quinas, para cumplir al firme prop\u00f3sito de entregar la&nbsp;MEJOR CALIDAD [&hellip;]<\/p>\n","protected":false},"author":1,"featured_media":0,"parent":0,"menu_order":0,"comment_status":"closed","ping_status":"closed","template":"","meta":{"_uag_custom_page_level_css":"","site-sidebar-layout":"default","site-content-layout":"","ast-site-content-layout":"default","site-content-style":"default","site-sidebar-style":"default","ast-global-header-display":"","ast-banner-title-visibility":"","ast-main-header-display":"","ast-hfb-above-header-display":"","ast-hfb-below-header-display":"","ast-hfb-mobile-header-display":"","site-post-title":"disabled","ast-breadcrumbs-content":"","ast-featured-img":"","footer-sml-layout":"","ast-disable-related-posts":"","theme-transparent-header-meta":"","adv-header-id-meta":"","stick-header-meta":"","header-above-stick-meta":"","header-main-stick-meta":"","header-below-stick-meta":"","astra-migrate-meta-layouts":"default","ast-page-background-enabled":"default","ast-page-background-meta":{"desktop":{"background-color":"var(--ast-global-color-4)","background-image":"","background-repeat":"repeat","background-position":"center center","background-size":"auto","background-attachment":"scroll","background-type":"","background-media":"","overlay-type":"","overlay-color":"","overlay-opacity":"","overlay-gradient":""},"tablet":{"background-color":"","background-image":"","background-repeat":"repeat","background-position":"center center","background-size":"auto","background-attachment":"scroll","background-type":"","background-media":"","overlay-type":"","overlay-color":"","overlay-opacity":"","overlay-gradient":""},"mobile":{"background-color":"","background-image":"","background-repeat":"repeat","background-position":"center center","background-size":"auto","background-attachment":"scroll","background-type":"","background-media":"","overlay-type":"","overlay-color":"","overlay-opacity":"","overlay-gradient":""}},"ast-content-background-meta":{"desktop":{"background-color":"var(--ast-global-color-5)","background-image":"","background-repeat":"repeat","background-position":"center center","background-size":"auto","background-attachment":"scroll","background-type":"","background-media":"","overlay-type":"","overlay-color":"","overlay-opacity":"","overlay-gradient":""},"tablet":{"background-color":"var(--ast-global-color-5)","background-image":"","background-repeat":"repeat","background-position":"center center","background-size":"auto","background-attachment":"scroll","background-type":"","background-media":"","overlay-type":"","overlay-color":"","overlay-opacity":"","overlay-gradient":""},"mobile":{"background-color":"var(--ast-global-color-5)","background-image":"","background-repeat":"repeat","background-position":"center center","background-size":"auto","background-attachment":"scroll","background-type":"","background-media":"","overlay-type":"","overlay-color":"","overlay-opacity":"","overlay-gradient":""}},"_joinchat":[],"footnotes":""},"class_list":["post-292","page","type-page","status-publish","hentry"],"uagb_featured_image_src":{"full":false,"thumbnail":false,"medium":false,"medium_large":false,"large":false,"1536x1536":false,"2048x2048":false,"trp-custom-language-flag":false},"uagb_author_info":{"display_name":"admin","author_link":"http:\/\/mecanicasistematizada.com\/en\/author\/admin\/"},"uagb_comment_info":0,"uagb_excerpt":"En&nbsp;MEC\u00c1NICA SISTEMATIZADA SAS&nbsp;nos ocupamos de&nbsp;cuidar, optimizar y renovar&nbsp;nuestros equipos y m\u00e1quinas, para cumplir al firme prop\u00f3sito de entregar la&nbsp;MEJOR CALIDAD [&hellip;]","_links":{"self":[{"href":"http:\/\/mecanicasistematizada.com\/en\/wp-json\/wp\/v2\/pages\/292","targetHints":{"allow":["GET"]}}],"collection":[{"href":"http:\/\/mecanicasistematizada.com\/en\/wp-json\/wp\/v2\/pages"}],"about":[{"href":"http:\/\/mecanicasistematizada.com\/en\/wp-json\/wp\/v2\/types\/page"}],"author":[{"embeddable":true,"href":"http:\/\/mecanicasistematizada.com\/en\/wp-json\/wp\/v2\/users\/1"}],"replies":[{"embeddable":true,"href":"http:\/\/mecanicasistematizada.com\/en\/wp-json\/wp\/v2\/comments?post=292"}],"version-history":[{"count":73,"href":"http:\/\/mecanicasistematizada.com\/en\/wp-json\/wp\/v2\/pages\/292\/revisions"}],"predecessor-version":[{"id":1148,"href":"http:\/\/mecanicasistematizada.com\/en\/wp-json\/wp\/v2\/pages\/292\/revisions\/1148"}],"wp:attachment":[{"href":"http:\/\/mecanicasistematizada.com\/en\/wp-json\/wp\/v2\/media?parent=292"}],"curies":[{"name":"wp","href":"https:\/\/api.w.org\/{rel}","templated":true}]}}