{"id":98,"date":"2025-02-05T00:18:19","date_gmt":"2025-02-05T00:18:19","guid":{"rendered":"https:\/\/mecanicasistematizada.com\/about\/"},"modified":"2025-03-17T12:25:54","modified_gmt":"2025-03-17T12:25:54","slug":"about","status":"publish","type":"page","link":"http:\/\/mecanicasistematizada.com\/en\/about\/","title":{"rendered":"About"},"content":{"rendered":"<div class=\"wp-block-uagb-container uagb-block-a6a8e0d4 alignfull uagb-is-root-container\">\n<div class=\"wp-block-group is-nowrap is-layout-flex wp-container-core-group-is-layout-6c531013 wp-block-group-is-layout-flex\">\n<div class=\"wp-block-uagb-advanced-heading uagb-block-a16b6668\"><h3 class=\"uagb-heading-text\">WHO ARE WE?<\/h3><\/div>\n<\/div>\n\n\n\n<div class=\"wp-block-uagb-info-box uagb-block-7706ac95 uagb-infobox__content-wrap  uagb-infobox-icon-above-title uagb-infobox-image-valign-top\"><div class=\"uagb-ifb-content\"><div class=\"uagb-ifb-title-wrap\"><h3 class=\"uagb-ifb-title\">THE BEST MACHINING SOLUTION!<\/h3><\/div><\/div><\/div>\n<\/div>\n\n\n\n<div class=\"wp-block-uagb-container uagb-block-2fce8535 alignfull uagb-is-root-container\"><div class=\"uagb-container-inner-blocks-wrap\">\n<div class=\"wp-block-uagb-container uagb-block-e22a1dc9\">\n<div class=\"wp-block-columns is-layout-flex wp-container-core-columns-is-layout-28f84493 wp-block-columns-is-layout-flex\">\n<div class=\"wp-block-column is-layout-flow wp-block-column-is-layout-flow\" style=\"flex-basis:100%\">\n<div class=\"wp-block-columns is-layout-flex wp-container-core-columns-is-layout-28f84493 wp-block-columns-is-layout-flex\">\n<div class=\"wp-block-column is-layout-flow wp-block-column-is-layout-flow\">\n<p class=\"has-medium-font-size\"><br><br><strong>MECHANICAL SYSTEMATIZED SAS<\/strong>&nbsp;it is an organization, where we are dedicated to serving the Industrial Sector, ensuring the satisfaction of the parameters of<strong>&nbsp;QUALITY, TIME, SAFETY and SOCIAL RESPONSIBILITY,<\/strong>&nbsp;requested by every one of our customers. <br> <br>We are leaders in the&nbsp;<strong>MANUFACTURE and REPAIR of MECHANICAL PARTS, DIES, MOULDS, DEVICES, ASSEMBLY, TOOLING, and MACHINERY<\/strong>&nbsp;in general.<br><br>We have a&nbsp;<strong>TEAM WORK,<\/strong>&nbsp;built by&nbsp;<strong>HUMAN TALENT QUALIFIED<\/strong>, which is always focused on doing&nbsp;<strong>THEIR PROJECTS A REALITY, ON TIME AND TO AGREED QUALITY<\/strong>.<\/p>\n<\/div>\n\n\n\n<div class=\"wp-block-column is-layout-flow wp-block-column-is-layout-flow\">\n<figure class=\"wp-block-image size-full\"><img loading=\"lazy\" decoding=\"async\" width=\"2500\" height=\"1667\" src=\"http:\/\/mecanicasistematizada.com\/wp-content\/uploads\/2025\/02\/IMG_5617.jpg\" alt=\"\" class=\"wp-image-299\" srcset=\"http:\/\/mecanicasistematizada.com\/wp-content\/uploads\/2025\/02\/IMG_5617.jpg 2500w, http:\/\/mecanicasistematizada.com\/wp-content\/uploads\/2025\/02\/IMG_5617-300x200.jpg 300w, http:\/\/mecanicasistematizada.com\/wp-content\/uploads\/2025\/02\/IMG_5617-1024x683.jpg 1024w, http:\/\/mecanicasistematizada.com\/wp-content\/uploads\/2025\/02\/IMG_5617-768x512.jpg 768w, http:\/\/mecanicasistematizada.com\/wp-content\/uploads\/2025\/02\/IMG_5617-1536x1024.jpg 1536w, http:\/\/mecanicasistematizada.com\/wp-content\/uploads\/2025\/02\/IMG_5617-2048x1366.jpg 2048w\" sizes=\"auto, (max-width: 2500px) 100vw, 2500px\" \/><\/figure>\n<\/div>\n<\/div>\n<\/div>\n<\/div>\n<\/div>\n<\/div><\/div>\n\n\n\n<div class=\"wp-block-uagb-container uagb-block-56ced4a1 alignfull uagb-is-root-container\"><div class=\"uagb-container-inner-blocks-wrap\">\n<div class=\"wp-block-uagb-advanced-heading uagb-block-22e8d0d6\"><p class=\"uagb-desc-text\">Mission and Values<\/p><h2 class=\"uagb-heading-text\">Committed to our objectives and principles<\/h2><\/div>\n<\/div><\/div>\n\n\n\n<div class=\"wp-block-uagb-container uagb-layout-grid uagb-block-c8a31539 alignfull uagb-is-root-container\"><div class=\"uagb-container-inner-blocks-wrap\">\n<div class=\"wp-block-uagb-image alignleft uagb-block-c7dfc0f5 wp-block-uagb-image--layout-default wp-block-uagb-image--effect-static wp-block-uagb-image--align-left uag-blocks-common-selector\" style=\"--z-index-desktop:1;;--z-index-tablet:1;;--z-index-mobile:undefined;\"><figure class=\"wp-block-uagb-image__figure\"><img decoding=\"async\" srcset=\"http:\/\/mecanicasistematizada.com\/wp-content\/uploads\/2025\/03\/20200717_091940-1024x768.jpg ,http:\/\/mecanicasistematizada.com\/wp-content\/uploads\/2025\/03\/20200717_091940.jpg 780w, http:\/\/mecanicasistematizada.com\/wp-content\/uploads\/2025\/03\/20200717_091940.jpg 360w\" sizes=\"auto, (max-width: 480px) 150px\" src=\"http:\/\/mecanicasistematizada.com\/wp-content\/uploads\/2025\/03\/20200717_091940-1024x768.jpg\" alt=\"\" class=\"uag-image-740\" width=\"600\" height=\"660\" title=\"20200717_091940\" loading=\"lazy\" role=\"img\"\/><\/figure><\/div>\n\n\n\n<div class=\"wp-block-uagb-container uagb-block-17a71973\">\n<div class=\"wp-block-uagb-advanced-heading uagb-block-468473eb\"><\/div>\n\n\n\n<div class=\"wp-block-uagb-advanced-heading uagb-block-1fcca3b1\"><h2 class=\"uagb-heading-text\">Mission<\/h2><p class=\"uagb-desc-text\">Fully satisfy the needs of our customers through excellence in engineering and design processes, ensuring quality and compliance.<\/p><\/div>\n\n\n\n<p><\/p>\n\n\n\n<div class=\"wp-block-uagb-advanced-heading uagb-block-29b7f4f5\"><h2 class=\"uagb-heading-text\">Values<\/h2><\/div>\n\n\n\n<p class=\"has-ast-global-color-7-color has-text-color has-link-color wp-elements-0eedb0f520dbe6ff8b2ac24eebdb8cef\" style=\"font-size:18px\">We value quality, social responsibility and commitment to our customers, always seeking to improve and build confidence in each project.<\/p>\n\n\n\n<div class=\"wp-block-uagb-separator uagb-block-e15b73e4\"><div class=\"wp-block-uagb-separator__inner\" style=\"--my-background-image:\"><\/div><\/div>\n<\/div>\n<\/div><\/div>\n\n\n\n<div class=\"wp-block-uagb-info-box uagb-block-8c28e2e8 uagb-infobox__content-wrap  uagb-infobox-icon-above-title uagb-infobox-image-valign-top\"><div class=\"uagb-ifb-content\"><div class=\"uagb-ifb-title-wrap\"><h3 class=\"uagb-ifb-title\">A Journey of Innovation and Commitment<\/h3><\/div><p class=\"uagb-ifb-desc\"><strong><br>Since our foundation, MECHANICAL, SYSTEMATIZED SAS<br>it has grown into the industrial sector, implementing innovative solutions and establishing strong relationships with our customers. Our experience and dedication, we have positioned ourselves as the leaders in manufacture and repair of mechanical parts.<\/strong><br><br><\/p><\/div><\/div>","protected":false},"excerpt":{"rendered":"<p>\u00bfQUI\u00c9NES SOMOS? MEC\u00c1NICA SISTEMATIZADA SAS&nbsp;es una organizaci\u00f3n, donde nos dedicamos a servir al Sector Industrial, garantizando la satisfacci\u00f3n de los [&hellip;]<\/p>\n","protected":false},"author":1,"featured_media":0,"parent":0,"menu_order":0,"comment_status":"closed","ping_status":"closed","template":"","meta":{"_uag_custom_page_level_css":"","site-sidebar-layout":"default","site-content-layout":"","ast-site-content-layout":"default","site-content-style":"default","site-sidebar-style":"default","ast-global-header-display":"","ast-banner-title-visibility":"","ast-main-header-display":"","ast-hfb-above-header-display":"","ast-hfb-below-header-display":"","ast-hfb-mobile-header-display":"","site-post-title":"disabled","ast-breadcrumbs-content":"","ast-featured-img":"","footer-sml-layout":"","ast-disable-related-posts":"","theme-transparent-header-meta":"","adv-header-id-meta":"","stick-header-meta":"","header-above-stick-meta":"","header-main-stick-meta":"","header-below-stick-meta":"","astra-migrate-meta-layouts":"default","ast-page-background-enabled":"default","ast-page-background-meta":{"desktop":{"background-color":"var(--ast-global-color-4)","background-image":"","background-repeat":"repeat","background-position":"center center","background-size":"auto","background-attachment":"scroll","background-type":"","background-media":"","overlay-type":"","overlay-color":"","overlay-opacity":"","overlay-gradient":""},"tablet":{"background-color":"","background-image":"","background-repeat":"repeat","background-position":"center center","background-size":"auto","background-attachment":"scroll","background-type":"","background-media":"","overlay-type":"","overlay-color":"","overlay-opacity":"","overlay-gradient":""},"mobile":{"background-color":"","background-image":"","background-repeat":"repeat","background-position":"center center","background-size":"auto","background-attachment":"scroll","background-type":"","background-media":"","overlay-type":"","overlay-color":"","overlay-opacity":"","overlay-gradient":""}},"ast-content-background-meta":{"desktop":{"background-color":"var(--ast-global-color-5)","background-image":"","background-repeat":"repeat","background-position":"center center","background-size":"auto","background-attachment":"scroll","background-type":"","background-media":"","overlay-type":"","overlay-color":"","overlay-opacity":"","overlay-gradient":""},"tablet":{"background-color":"var(--ast-global-color-5)","background-image":"","background-repeat":"repeat","background-position":"center center","background-size":"auto","background-attachment":"scroll","background-type":"","background-media":"","overlay-type":"","overlay-color":"","overlay-opacity":"","overlay-gradient":""},"mobile":{"background-color":"var(--ast-global-color-5)","background-image":"","background-repeat":"repeat","background-position":"center center","background-size":"auto","background-attachment":"scroll","background-type":"","background-media":"","overlay-type":"","overlay-color":"","overlay-opacity":"","overlay-gradient":""}},"_joinchat":[],"footnotes":""},"class_list":["post-98","page","type-page","status-publish","hentry"],"uagb_featured_image_src":{"full":false,"thumbnail":false,"medium":false,"medium_large":false,"large":false,"1536x1536":false,"2048x2048":false,"trp-custom-language-flag":false},"uagb_author_info":{"display_name":"admin","author_link":"http:\/\/mecanicasistematizada.com\/en\/author\/admin\/"},"uagb_comment_info":0,"uagb_excerpt":"\u00bfQUI\u00c9NES SOMOS? MEC\u00c1NICA SISTEMATIZADA SAS&nbsp;es una organizaci\u00f3n, donde nos dedicamos a servir al Sector Industrial, garantizando la satisfacci\u00f3n de los [&hellip;]","_links":{"self":[{"href":"http:\/\/mecanicasistematizada.com\/en\/wp-json\/wp\/v2\/pages\/98","targetHints":{"allow":["GET"]}}],"collection":[{"href":"http:\/\/mecanicasistematizada.com\/en\/wp-json\/wp\/v2\/pages"}],"about":[{"href":"http:\/\/mecanicasistematizada.com\/en\/wp-json\/wp\/v2\/types\/page"}],"author":[{"embeddable":true,"href":"http:\/\/mecanicasistematizada.com\/en\/wp-json\/wp\/v2\/users\/1"}],"replies":[{"embeddable":true,"href":"http:\/\/mecanicasistematizada.com\/en\/wp-json\/wp\/v2\/comments?post=98"}],"version-history":[{"count":66,"href":"http:\/\/mecanicasistematizada.com\/en\/wp-json\/wp\/v2\/pages\/98\/revisions"}],"predecessor-version":[{"id":1155,"href":"http:\/\/mecanicasistematizada.com\/en\/wp-json\/wp\/v2\/pages\/98\/revisions\/1155"}],"wp:attachment":[{"href":"http:\/\/mecanicasistematizada.com\/en\/wp-json\/wp\/v2\/media?parent=98"}],"curies":[{"name":"wp","href":"https:\/\/api.w.org\/{rel}","templated":true}]}}